{"id":1872,"date":"2015-11-19T14:34:59","date_gmt":"2015-11-19T13:34:59","guid":{"rendered":"https:\/\/www.ladurnerhome.com\/datenschutzbestimmungen\/"},"modified":"2023-07-04T15:50:36","modified_gmt":"2023-07-04T13:50:36","slug":"informativa-sulla-privacy-e-termini-e-condizioni","status":"publish","type":"page","link":"https:\/\/www.ladurnerhome.com\/it\/informativa-sulla-privacy-e-termini-e-condizioni\/","title":{"rendered":"Informativa sulla privacy e Termini e condizioni"},"content":{"rendered":"<p><span class=\"HwtZe\" lang=\"it\"><span class=\"jCAhz ChMk0b\"><span class=\"ryNqvb\">Ai sensi dell&#8217;art.13 del D.Lgs. 30 giugno 2003 n.196 e successive modifiche ed integrazioni, La informiamo che tutti i dati da Lei forniti tramite il nostro sito web o con altri mezzi (fax, e-mail, posta) a inviati a noi, raccolti e conservati.<\/span><\/span> <span class=\"jCAhz ChMk0b\"><span class=\"ryNqvb\">Nell&#8217;ambito degli obblighi di legge, garantiamo che il trattamento dei dati personali si svolge in considerazione dei diritti e delle libert\u00e0 fondamentali, nonch\u00e9 della dignit\u00e0 dell&#8217;interessato con particolare riferimento al segreto, all&#8217;identit\u00e0 personale e al diritto alla protezione dei dati personali dati.<\/span><\/span> <span class=\"jCAhz ChMk0b\"><span class=\"ryNqvb\">I dati personali da noi trattati non sono soggetti a diffusione.<\/span><\/span> <span class=\"jCAhz ChMk0b\"><span class=\"ryNqvb\">L&#8217;articolo 7 della legge sulla protezione dei dati conferisce agli interessati il \u200b\u200bdiritto di confermare e controllare, rettificare e integrare i propri dati, di chiedere che i dati siano cancellati, bloccati e trasformati in dati anonimi se il trattamento viola le disposizioni di legge.<\/span><\/span> <span class=\"jCAhz ChMk0b\"><span class=\"ryNqvb\">Ha il diritto, per motivi legittimi, di opporsi, in tutto o in parte, al trattamento dei suoi dati, nonch\u00e9 chiederne la cancellazione, il blocco, la trasformazione in dati anonimi e, senza giustificato motivo, quando i dati sono utilizzati per finalit\u00e0 di informazione commerciale, invio di materiale promozionale, vendita diretta, utilizzati per ricerche di mercato e di opinione.<\/span><\/span> <\/span><\/p>\n<p>&nbsp;<\/p>\n<p><span class=\"HwtZe\" lang=\"it\"><span class=\"jCAhz ChMk0b\"><span class=\"ryNqvb\"><strong>Titolare del trattamento dei dati \u00e8:<\/strong><\/span><\/span> <\/span><\/p>\n<p>Apartments Ladurner Home<br \/>\nAnna Ladurner<br \/>\nVia Giuseppe Verdi\u00a0 Nr. 21<br \/>\nI-39031 Brunico (BZ)<br \/>\nS\u00fcdtirol- Alto Adige \/ Italia<\/p>\n<p>Tel. 39 26 333308 | +39 335 5206498<br \/>\nE-Mail. elke@trendyourbrand.com<\/p>\n","protected":false},"excerpt":{"rendered":"<p>Ai sensi dell&#8217;art.13 del D.Lgs. 30 giugno 2003 n.196 e successive modifiche ed integrazioni, La informiamo che tutti i dati da Lei forniti tramite il nostro sito web o con altri mezzi (fax, e-mail, posta) a inviati a noi, raccolti e conservati. Nell&#8217;ambito degli obblighi di legge, garantiamo che il trattamento dei dati personali si [&hellip;]<\/p>\n","protected":false},"author":1,"featured_media":0,"parent":0,"menu_order":102,"comment_status":"closed","ping_status":"closed","template":"","meta":{"footnotes":""},"class_list":["post-1872","page","type-page","status-publish","hentry"],"yoast_head":"<!-- This site is optimized with the Yoast SEO plugin v23.4 - https:\/\/yoast.com\/wordpress\/plugins\/seo\/ -->\n<title>Ladurner Apartments - Informativa sulla privacy e Termini e condizioni<\/title>\n<meta name=\"robots\" content=\"index, follow, max-snippet:-1, max-image-preview:large, max-video-preview:-1\" \/>\n<link rel=\"canonical\" href=\"https:\/\/www.ladurnerhome.com\/informativa-sulla-privacy-e-termini-e-condizioni\/\" \/>\n<meta property=\"og:locale\" content=\"it_IT\" \/>\n<meta property=\"og:type\" content=\"article\" \/>\n<meta property=\"og:title\" content=\"Ladurner Apartments - Informativa sulla privacy e Termini e condizioni\" \/>\n<meta property=\"og:description\" content=\"Ai sensi dell&#8217;art.13 del D.Lgs. 30 giugno 2003 n.196 e successive modifiche ed integrazioni, La informiamo che tutti i dati da Lei forniti tramite il nostro sito web o con altri mezzi (fax, e-mail, posta) a inviati a noi, raccolti e conservati. Nell&#8217;ambito degli obblighi di legge, garantiamo che il trattamento dei dati personali si [&hellip;]\" \/>\n<meta property=\"og:url\" content=\"https:\/\/www.ladurnerhome.com\/informativa-sulla-privacy-e-termini-e-condizioni\/\" \/>\n<meta property=\"og:site_name\" content=\"Ladurner Home\" \/>\n<meta property=\"article:publisher\" content=\"https:\/\/www.facebook.com\/Genusshotel.Pfeiss\/?ref=settings\" \/>\n<meta property=\"article:modified_time\" content=\"2023-07-04T13:50:36+00:00\" \/>\n<meta name=\"twitter:card\" content=\"summary_large_image\" \/>\n<meta name=\"twitter:label1\" content=\"Tempo di lettura stimato\" \/>\n\t<meta name=\"twitter:data1\" content=\"1 minuto\" \/>\n<script type=\"application\/ld+json\" class=\"yoast-schema-graph\">{\"@context\":\"https:\/\/schema.org\",\"@graph\":[{\"@type\":\"WebPage\",\"@id\":\"https:\/\/www.ladurnerhome.com\/informativa-sulla-privacy-e-termini-e-condizioni\/\",\"url\":\"https:\/\/www.ladurnerhome.com\/informativa-sulla-privacy-e-termini-e-condizioni\/\",\"name\":\"Ladurner Apartments - Informativa sulla privacy e Termini e condizioni\",\"isPartOf\":{\"@id\":\"https:\/\/www.ladurnerhome.com\/#website\"},\"datePublished\":\"2015-11-19T13:34:59+00:00\",\"dateModified\":\"2023-07-04T13:50:36+00:00\",\"breadcrumb\":{\"@id\":\"https:\/\/www.ladurnerhome.com\/informativa-sulla-privacy-e-termini-e-condizioni\/#breadcrumb\"},\"inLanguage\":\"it-IT\",\"potentialAction\":[{\"@type\":\"ReadAction\",\"target\":[\"https:\/\/www.ladurnerhome.com\/informativa-sulla-privacy-e-termini-e-condizioni\/\"]}]},{\"@type\":\"BreadcrumbList\",\"@id\":\"https:\/\/www.ladurnerhome.com\/informativa-sulla-privacy-e-termini-e-condizioni\/#breadcrumb\",\"itemListElement\":[{\"@type\":\"ListItem\",\"position\":1,\"name\":\"Home\",\"item\":\"https:\/\/www.ladurnerhome.com\/\"},{\"@type\":\"ListItem\",\"position\":2,\"name\":\"Informativa sulla privacy e Termini e condizioni\"}]},{\"@type\":\"WebSite\",\"@id\":\"https:\/\/www.ladurnerhome.com\/#website\",\"url\":\"https:\/\/www.ladurnerhome.com\/\",\"name\":\"Ladurner Home\",\"description\":\"\",\"potentialAction\":[{\"@type\":\"SearchAction\",\"target\":{\"@type\":\"EntryPoint\",\"urlTemplate\":\"https:\/\/www.ladurnerhome.com\/?s={search_term_string}\"},\"query-input\":{\"@type\":\"PropertyValueSpecification\",\"valueRequired\":true,\"valueName\":\"search_term_string\"}}],\"inLanguage\":\"it-IT\"}]}<\/script>\n<!-- \/ Yoast SEO plugin. -->","yoast_head_json":{"title":"Ladurner Apartments - Informativa sulla privacy e Termini e condizioni","robots":{"index":"index","follow":"follow","max-snippet":"max-snippet:-1","max-image-preview":"max-image-preview:large","max-video-preview":"max-video-preview:-1"},"canonical":"https:\/\/www.ladurnerhome.com\/informativa-sulla-privacy-e-termini-e-condizioni\/","og_locale":"it_IT","og_type":"article","og_title":"Ladurner Apartments - Informativa sulla privacy e Termini e condizioni","og_description":"Ai sensi dell&#8217;art.13 del D.Lgs. 30 giugno 2003 n.196 e successive modifiche ed integrazioni, La informiamo che tutti i dati da Lei forniti tramite il nostro sito web o con altri mezzi (fax, e-mail, posta) a inviati a noi, raccolti e conservati. Nell&#8217;ambito degli obblighi di legge, garantiamo che il trattamento dei dati personali si [&hellip;]","og_url":"https:\/\/www.ladurnerhome.com\/informativa-sulla-privacy-e-termini-e-condizioni\/","og_site_name":"Ladurner Home","article_publisher":"https:\/\/www.facebook.com\/Genusshotel.Pfeiss\/?ref=settings","article_modified_time":"2023-07-04T13:50:36+00:00","twitter_card":"summary_large_image","twitter_misc":{"Tempo di lettura stimato":"1 minuto"},"schema":{"@context":"https:\/\/schema.org","@graph":[{"@type":"WebPage","@id":"https:\/\/www.ladurnerhome.com\/informativa-sulla-privacy-e-termini-e-condizioni\/","url":"https:\/\/www.ladurnerhome.com\/informativa-sulla-privacy-e-termini-e-condizioni\/","name":"Ladurner Apartments - Informativa sulla privacy e Termini e condizioni","isPartOf":{"@id":"https:\/\/www.ladurnerhome.com\/#website"},"datePublished":"2015-11-19T13:34:59+00:00","dateModified":"2023-07-04T13:50:36+00:00","breadcrumb":{"@id":"https:\/\/www.ladurnerhome.com\/informativa-sulla-privacy-e-termini-e-condizioni\/#breadcrumb"},"inLanguage":"it-IT","potentialAction":[{"@type":"ReadAction","target":["https:\/\/www.ladurnerhome.com\/informativa-sulla-privacy-e-termini-e-condizioni\/"]}]},{"@type":"BreadcrumbList","@id":"https:\/\/www.ladurnerhome.com\/informativa-sulla-privacy-e-termini-e-condizioni\/#breadcrumb","itemListElement":[{"@type":"ListItem","position":1,"name":"Home","item":"https:\/\/www.ladurnerhome.com\/"},{"@type":"ListItem","position":2,"name":"Informativa sulla privacy e Termini e condizioni"}]},{"@type":"WebSite","@id":"https:\/\/www.ladurnerhome.com\/#website","url":"https:\/\/www.ladurnerhome.com\/","name":"Ladurner Home","description":"","potentialAction":[{"@type":"SearchAction","target":{"@type":"EntryPoint","urlTemplate":"https:\/\/www.ladurnerhome.com\/?s={search_term_string}"},"query-input":{"@type":"PropertyValueSpecification","valueRequired":true,"valueName":"search_term_string"}}],"inLanguage":"it-IT"}]}},"_links":{"self":[{"href":"https:\/\/www.ladurnerhome.com\/it\/wp-json\/wp\/v2\/pages\/1872"}],"collection":[{"href":"https:\/\/www.ladurnerhome.com\/it\/wp-json\/wp\/v2\/pages"}],"about":[{"href":"https:\/\/www.ladurnerhome.com\/it\/wp-json\/wp\/v2\/types\/page"}],"author":[{"embeddable":true,"href":"https:\/\/www.ladurnerhome.com\/it\/wp-json\/wp\/v2\/users\/1"}],"replies":[{"embeddable":true,"href":"https:\/\/www.ladurnerhome.com\/it\/wp-json\/wp\/v2\/comments?post=1872"}],"version-history":[{"count":0,"href":"https:\/\/www.ladurnerhome.com\/it\/wp-json\/wp\/v2\/pages\/1872\/revisions"}],"wp:attachment":[{"href":"https:\/\/www.ladurnerhome.com\/it\/wp-json\/wp\/v2\/media?parent=1872"}],"curies":[{"name":"wp","href":"https:\/\/api.w.org\/{rel}","templated":true}]}}